{"id":100,"date":"2023-02-04T22:59:14","date_gmt":"2023-02-04T22:59:14","guid":{"rendered":"https:\/\/www.novylabyrinth.cz\/?page_id=100"},"modified":"2026-01-30T12:19:45","modified_gmt":"2026-01-30T12:19:45","slug":"dokumenty-ke-stazeni","status":"publish","type":"page","link":"https:\/\/www.novylabyrinth.cz\/?page_id=100","title":{"rendered":"P\u0158IJ\u00cdMAC\u00cd \u0158\u00cdZEN\u00cd"},"content":{"rendered":"\n<p><strong>Z\u00e1kladn\u00ed informace<\/strong><\/p>\n\n\n\n<p>Pro \u0161koln\u00edm rok 2026-2027 bude p\u0159ij\u00edm\u00e1no celkem 20 uchaze\u010d\u016f (1 t\u0159\u00edda).<\/p>\n\n\n\n<figure class=\"wp-block-table\"><table><tbody><tr><td><strong>&nbsp; Obor studia<\/strong><\/td><td><strong>&nbsp; P\u0159ij\u00edmac\u00ed zkou\u0161ky<\/strong><\/td><\/tr><tr><td><strong>&nbsp; 7<strong>79-41-K\/41 Gymn\u00e1zium<\/strong><\/strong><\/td><td>1. \u010cesk\u00fd jazyk \u2013 jednotn\u00e1 p\u0159ij\u00edmac\u00ed zkou\u0161ka CERMAT &nbsp;&nbsp;&nbsp;<br>2. Matematika \u2013 jednotn\u00e1 p\u0159ij\u00edmac\u00ed zkou\u0161ka CERMAT &nbsp;&nbsp;&nbsp;<br>3. Pohovor nad v\u00fdb\u011brov\u00fdm portfoliem uchaze\u010de<\/td><\/tr><\/tbody><\/table><\/figure>\n\n\n\n<p><strong>Pod\u00e1n\u00ed p\u0159ihl\u00e1\u0161ky ke studiu<\/strong><\/p>\n\n\n\n<p>P\u0159ihl\u00e1\u0161ky ke studiu je mo\u017en\u00e9 pod\u00e1vat v&nbsp;obdob\u00ed&nbsp;<strong>od 1.&nbsp;do 20.&nbsp;\u00fanora 2026.<\/strong><\/p>\n\n\n\n<p>Jednotn\u00e9 st\u00e1tn\u00ed p\u0159ij\u00edmac\u00ed zkou\u0161ky se konaj\u00ed ve dnech:<\/p>\n\n\n\n<ul class=\"wp-block-list\">\n<li>1. term\u00edn: p\u00e1tek 10. dubna 2026<\/li>\n\n\n\n<li>2. term\u00edn: pond\u011bl\u00ed 13. dubna 2026<\/li>\n<\/ul>\n\n\n\n<p><strong>Term\u00edn \u0161koln\u00ed p\u0159ij\u00edmac\u00ed zkou\u0161ky <\/strong>\u2013 pohovor nad v\u00fdb\u011brov\u00fdm portfoliem uchaze\u010de \u2013 bude prob\u00edhat ve dnech <strong>od 6. do 9. 4. 2026.<\/strong><\/p>\n\n\n\n<p><strong>N\u00e1hradn\u00ed term\u00edny: st\u0159eda 29.&nbsp;dubna&nbsp;a&nbsp;\u010dtvrtek 30.&nbsp;dubna&nbsp;2026<\/strong><\/p>\n\n\n\n<p>Term\u00edn odevzd\u00e1n\u00ed v\u00fdb\u011brov\u00e9ho reprezentativn\u00edho portfolia uchaze\u010de je stanoven&nbsp;<strong>do p\u00e1tku 27. b\u0159ezna 2026.<\/strong><\/p>\n\n\n\n<hr class=\"wp-block-separator has-alpha-channel-opacity\"\/>\n\n\n\n<p><strong>Dokumenty ke sta\u017een\u00ed<\/strong><\/p>\n\n\n\n<div class=\"wp-block-file\"><a id=\"wp-block-file--media-2b5982a3-aa5e-4984-a7d4-c90622690399\" href=\"https:\/\/www.novylabyrinth.cz\/wp-content\/uploads\/2026\/01\/LABYRINTH_informace_26_27-1.pdf\" target=\"_blank\" rel=\"noreferrer noopener\">LABYRINTH_informace<\/a><a href=\"https:\/\/www.novylabyrinth.cz\/wp-content\/uploads\/2026\/01\/LABYRINTH_informace_26_27-1.pdf\" class=\"wp-block-file__button wp-element-button\" download aria-describedby=\"wp-block-file--media-2b5982a3-aa5e-4984-a7d4-c90622690399\"> St\u00e1hnout <\/a><\/div>\n\n\n\n<div class=\"wp-block-file\"><a id=\"wp-block-file--media-4d4bbcfc-2e93-4174-aeb1-6ae4bd51a77b\" href=\"http:\/\/www.novylabyrinth.cz\/wp-content\/uploads\/2026\/01\/LABYRINTH_kriteria_26_27-1.pdf\" target=\"_blank\" rel=\"noreferrer noopener\">LABYRINTH_krite\u0301ria<\/a><a href=\"http:\/\/www.novylabyrinth.cz\/wp-content\/uploads\/2026\/01\/LABYRINTH_kriteria_26_27-1.pdf\" class=\"wp-block-file__button wp-element-button\" download aria-describedby=\"wp-block-file--media-4d4bbcfc-2e93-4174-aeb1-6ae4bd51a77b\"> St\u00e1hnout <\/a><\/div>\n\n\n\n<div class=\"wp-block-file\"><a id=\"wp-block-file--media-0d9d3e3e-0d6f-43cc-ad63-6a2ccb614db2\" href=\"https:\/\/www.novylabyrinth.cz\/wp-content\/uploads\/2025\/11\/LABYRINTH_portfolio-4.pdf\" target=\"_blank\" rel=\"noreferrer noopener\">LABYRINTH_portfolio<\/a><a href=\"https:\/\/www.novylabyrinth.cz\/wp-content\/uploads\/2025\/11\/LABYRINTH_portfolio-4.pdf\" class=\"wp-block-file__button wp-element-button\" download aria-describedby=\"wp-block-file--media-0d9d3e3e-0d6f-43cc-ad63-6a2ccb614db2\"> St\u00e1hnout <\/a><\/div>\n\n\n\n<p><\/p>\n","protected":false},"excerpt":{"rendered":"<p>Z\u00e1kladn\u00ed informace Pro \u0161koln\u00edm rok 2026-2027 bude p\u0159ij\u00edm\u00e1no celkem 20 uchaze\u010d\u016f (1 t\u0159\u00edda). &nbsp; Obor studia &nbsp; P\u0159ij\u00edmac\u00ed zkou\u0161ky &nbsp; 779-41-K\/41 Gymn\u00e1zium 1. \u010cesk\u00fd jazyk \u2013 jednotn\u00e1 p\u0159ij\u00edmac\u00ed zkou\u0161ka CERMAT &nbsp;&nbsp;&nbsp;2. Matematika \u2013 jednotn\u00e1 p\u0159ij\u00edmac\u00ed zkou\u0161ka CERMAT &nbsp;&nbsp;&nbsp;3. Pohovor nad v\u00fdb\u011brov\u00fdm portfoliem uchaze\u010de Pod\u00e1n\u00ed p\u0159ihl\u00e1\u0161ky ke studiu P\u0159ihl\u00e1\u0161ky ke studiu je mo\u017en\u00e9 pod\u00e1vat v&nbsp;obdob\u00ed&nbsp;od 1.&nbsp;do&hellip; <br \/> <a class=\"read-more\" href=\"https:\/\/www.novylabyrinth.cz\/?page_id=100\">V\u00edce<\/a><\/p>\n","protected":false},"author":1,"featured_media":0,"parent":0,"menu_order":0,"comment_status":"closed","ping_status":"closed","template":"","meta":{"footnotes":""},"class_list":["post-100","page","type-page","status-publish","hentry"],"_links":{"self":[{"href":"https:\/\/www.novylabyrinth.cz\/index.php?rest_route=\/wp\/v2\/pages\/100","targetHints":{"allow":["GET"]}}],"collection":[{"href":"https:\/\/www.novylabyrinth.cz\/index.php?rest_route=\/wp\/v2\/pages"}],"about":[{"href":"https:\/\/www.novylabyrinth.cz\/index.php?rest_route=\/wp\/v2\/types\/page"}],"author":[{"embeddable":true,"href":"https:\/\/www.novylabyrinth.cz\/index.php?rest_route=\/wp\/v2\/users\/1"}],"replies":[{"embeddable":true,"href":"https:\/\/www.novylabyrinth.cz\/index.php?rest_route=%2Fwp%2Fv2%2Fcomments&post=100"}],"version-history":[{"count":43,"href":"https:\/\/www.novylabyrinth.cz\/index.php?rest_route=\/wp\/v2\/pages\/100\/revisions"}],"predecessor-version":[{"id":333,"href":"https:\/\/www.novylabyrinth.cz\/index.php?rest_route=\/wp\/v2\/pages\/100\/revisions\/333"}],"wp:attachment":[{"href":"https:\/\/www.novylabyrinth.cz\/index.php?rest_route=%2Fwp%2Fv2%2Fmedia&parent=100"}],"curies":[{"name":"wp","href":"https:\/\/api.w.org\/{rel}","templated":true}]}}